{"id":27,"date":"2022-02-09T09:55:10","date_gmt":"2022-02-09T09:55:10","guid":{"rendered":"https:\/\/www.wolfgangbretl.com\/?page_id=27"},"modified":"2023-01-13T21:16:18","modified_gmt":"2023-01-13T21:16:18","slug":"ueber-mich","status":"publish","type":"page","link":"https:\/\/www.wolfgangbretl.com\/en\/ueber-mich\/","title":{"rendered":"about me"},"content":{"rendered":"<p class=\"has-large-font-size\"><\/p>\n\n\n\n<div class=\"wp-block-columns is-layout-flex wp-container-core-columns-is-layout-9d6595d7 wp-block-columns-is-layout-flex\">\n<div class=\"wp-block-column is-layout-flow wp-block-column-is-layout-flow\">\n<p class=\"has-x-large-font-size\"><\/p>\n\n\n<div class=\"wp-block-image\">\n<figure class=\"aligncenter size-full is-resized\"><img loading=\"lazy\" decoding=\"async\" src=\"https:\/\/www.wolfgangbretl.com\/wp-content\/uploads\/2022\/02\/Wolfgang-Bretl-Volkertmarkt.jpg\" alt=\"Wolfgang Bretl - Volkertmarkt\" class=\"wp-image-326\" width=\"200\" height=\"278\"\/><figcaption class=\"wp-element-caption\">\u00a9 Thomas Baumgartner<\/figcaption><\/figure>\n<\/div>\n\n\n<p style=\"font-size:188px\"><\/p>\n\n\n<div class=\"wp-block-image\">\n<figure class=\"aligncenter size-large is-resized\"><img loading=\"lazy\" decoding=\"async\" src=\"https:\/\/www.wolfgangbretl.com\/wp-content\/uploads\/2022\/02\/Wolfgang-Bretl-Proberaum-757x1024.jpg\" alt=\"Wolfgang Bretl - Proberaum\" class=\"wp-image-325\" width=\"246\" height=\"332\" srcset=\"https:\/\/www.wolfgangbretl.com\/wp-content\/uploads\/2022\/02\/Wolfgang-Bretl-Proberaum-757x1024.jpg 757w, https:\/\/www.wolfgangbretl.com\/wp-content\/uploads\/2022\/02\/Wolfgang-Bretl-Proberaum-222x300.jpg 222w, https:\/\/www.wolfgangbretl.com\/wp-content\/uploads\/2022\/02\/Wolfgang-Bretl-Proberaum-768x1039.jpg 768w, https:\/\/www.wolfgangbretl.com\/wp-content\/uploads\/2022\/02\/Wolfgang-Bretl-Proberaum-1136x1536.jpg 1136w, https:\/\/www.wolfgangbretl.com\/wp-content\/uploads\/2022\/02\/Wolfgang-Bretl-Proberaum-9x12.jpg 9w, https:\/\/www.wolfgangbretl.com\/wp-content\/uploads\/2022\/02\/Wolfgang-Bretl-Proberaum.jpg 1183w\" sizes=\"auto, (max-width: 246px) 100vw, 246px\" \/><figcaption class=\"wp-element-caption\">\u00a9 Thomas Baumgartner<\/figcaption><\/figure>\n<\/div><\/div>\n\n\n\n<div class=\"wp-block-column is-layout-flow wp-block-column-is-layout-flow\">\n<p class=\"has-text-align-left\">Ich bin in Salzburg geboren, dort aufgewachsen und habe bis Juni 2021 haupts\u00e4chlich<br>in Salzburg gelebt. Seit Juni 2021 befindet sich mein Wohnsitz in Wien.<br><br>Meine musikalischen Fundamente:<br><br>In meiner Kindheit h\u00f6rte ich H\u00f6rspielkassetten, alte Musikkassetten, die ich gefunden habe &#8211; oft<br>mit Schlager der 50er und 60er Jahre \u2013 und Radio. Mich interessierten bei den H\u00f6rspielen nicht nur<br>die Geschichten sondern vor allem auch die Ger\u00e4usche und kurzen Musikpassagen die darin<br>vorkamen. Diese Ger\u00e4usch- und Musikabschnitte h\u00f6rte ich mir oft etliche Male hintereinander an,<br>indem ich sie immer wieder zur\u00fcck spulte.<br><br>Sp\u00e4ter h\u00f6rte ich Schallplatten von meinem \u00e4lteren Bruder, die er von Freunden ausgeliehen hatte &#8211;<br>haupts\u00e4chlich Rockmusik der 60er und 70er Jahre.<br><br>Starke Einfl\u00fcsse waren auch Filmmusiken von Karel Swoboda und Ennio Morricone.<br><br>Einen wesentlichen Einfluss, vor allem auf mein Humorverst\u00e4ndnis, haben der Komiker, Volkss\u00e4nger, Autor und Filmproduzent Karl Valentin, der Schauspieler, Schriftsteller, Kabarettist und Rezitator Helmut Qualtinger und der Kabarettist, Autor, Fernseh- und Filmschauspieler Gerhard Polt.<br><br>Sp\u00e4ter begann ich mich vor allem f\u00fcr zeitgen\u00f6ssische und experimentelle Musik aller Sparten zu interessieren. <br><br>Ich absolvierte ein Kompositionsstudium bei Christoph Cech an der Anton Bruckner Privatuniversit\u00e4t in Linz und ein E-Gitarren- und Instrumentalp\u00e4dagogikstudium bei Agostino di Giorgio, Guido Jeszensky und Thomas Wallisch in Klagenfurt.<br><br><br>2015 war ich Preistr\u00e4ger des Gustav Mahler Kompositionspreises<\/p>\n<\/div>\n\n\n\n<div class=\"wp-block-column is-layout-flow wp-block-column-is-layout-flow\">\n<p style=\"font-size:244px\"><\/p>\n\n\n<div class=\"wp-block-image\">\n<figure class=\"aligncenter size-large is-resized\"><img loading=\"lazy\" decoding=\"async\" src=\"https:\/\/www.wolfgangbretl.com\/wp-content\/uploads\/2022\/02\/Wolfgang-Bretl-niM-and-Hear-e1644860321632-779x1024.jpg\" alt=\"Wolfgang Bretl - niM and Hear\" class=\"wp-image-324\" width=\"215\" height=\"282\" srcset=\"https:\/\/www.wolfgangbretl.com\/wp-content\/uploads\/2022\/02\/Wolfgang-Bretl-niM-and-Hear-e1644860321632-779x1024.jpg 779w, https:\/\/www.wolfgangbretl.com\/wp-content\/uploads\/2022\/02\/Wolfgang-Bretl-niM-and-Hear-e1644860321632-228x300.jpg 228w, https:\/\/www.wolfgangbretl.com\/wp-content\/uploads\/2022\/02\/Wolfgang-Bretl-niM-and-Hear-e1644860321632-768x1010.jpg 768w, https:\/\/www.wolfgangbretl.com\/wp-content\/uploads\/2022\/02\/Wolfgang-Bretl-niM-and-Hear-e1644860321632-9x12.jpg 9w, https:\/\/www.wolfgangbretl.com\/wp-content\/uploads\/2022\/02\/Wolfgang-Bretl-niM-and-Hear-e1644860321632.jpg 954w\" sizes=\"auto, (max-width: 215px) 100vw, 215px\" \/><figcaption class=\"wp-element-caption\">\u00a9 Wolfgang Schwaiger<\/figcaption><\/figure>\n<\/div><\/div>\n<\/div>","protected":false},"excerpt":{"rendered":"<p>Ich bin in Salzburg geboren, dort aufgewachsen und habe bis Juni 2021 haupts\u00e4chlichin Salzburg gelebt. Seit Juni 2021 befindet sich mein Wohnsitz in Wien. Meine musikalischen Fundamente: In meiner Kindheit h\u00f6rte ich H\u00f6rspielkassetten, alte Musikkassetten, die ich gefunden habe &#8211; oftmit Schlager der 50er und 60er Jahre \u2013 und Radio. Mich interessierten bei den H\u00f6rspielen nicht nurdie Geschichten sondern vor allem auch die Ger\u00e4usche und kurzen Musikpassagen die darinvorkamen. Diese Ger\u00e4usch- und Musikabschnitte h\u00f6rte ich mir oft etliche Male hintereinander an,indem ich sie immer wieder zur\u00fcck spulte. Sp\u00e4ter h\u00f6rte ich Schallplatten von meinem \u00e4lteren Bruder, die er von Freunden ausgeliehen\u2026<\/p>","protected":false},"author":1,"featured_media":0,"parent":0,"menu_order":0,"comment_status":"closed","ping_status":"closed","template":"","meta":{"slim_seo":{"title":"about me","description":"Komposition - E-Gitarre - Filmmusik - H\u00f6rspielmusik - Klanggestaltung"},"footnotes":""},"class_list":["post-27","page","type-page","status-publish","hentry"],"blocksy_meta":{"page_title_panel":"","has_hero_section":"disabled","c2e4e4d2ca579a0931c69ae4540c0bea":"","hero_section":"type-1","hero_elements":[{"id":"custom_title","enabled":true,"heading_tag":"h1","title":"Startseite"},{"id":"custom_description","enabled":true,"description_visibility":{"desktop":true,"tablet":true,"mobile":false}},{"id":"custom_meta","enabled":false,"meta_elements":[{"id":"author","enabled":true,"label":"Von","has_author_avatar":"yes","avatar_size":25},{"id":"post_date","enabled":true,"label":"Am","date_format_source":"default","date_format":"M j, Y"},{"id":"updated_date","enabled":false,"label":"Am","date_format_source":"default","date_format":"M j, Y"},{"id":"categories","enabled":false,"label":"In","style":"simple"},{"id":"comments","enabled":true}],"page_meta_elements":{"joined":true,"articles_count":true,"comments":true}},{"id":"breadcrumbs","enabled":false}],"f8dd61f1f2791ad38a6c09c58edaf35e":"","hero_alignment1":"CT_CSS_SKIP_RULE","hero_margin":40,"hero_alignment2":"center","hero_vertical_alignment":"center","fdcecf54ef2b7aa13c44bf724a8a6aec":"","hero_structure":"narrow","09e3cdd860c4cdbbd43cb5bc06442aa0":"","page_title_bg_type":"featured_image","custom_hero_background":{"attachment_id":null},"parallax":{"desktop":false,"tablet":false,"mobile":false},"8d78a16adf94797f605cb4f309a044ff":"","hero_height":"250px","pageTitleFont":{"family":"Default","variation":"Default","size":"30px","line-height":"CT_CSS_SKIP_RULE","letter-spacing":"CT_CSS_SKIP_RULE","text-transform":"CT_CSS_SKIP_RULE","text-decoration":"CT_CSS_SKIP_RULE"},"pageTitleFontColor":{"default":{"color":"CT_CSS_SKIP_RULEDEFAULT"}},"pageMetaFont":{"family":"Default","variation":"n6","size":"12px","line-height":"1.3","letter-spacing":"CT_CSS_SKIP_RULE","text-transform":"uppercase","text-decoration":"CT_CSS_SKIP_RULE"},"pageMetaFontColor":{"default":{"color":"CT_CSS_SKIP_RULEDEFAULT"},"hover":{"color":"CT_CSS_SKIP_RULEDEFAULT"}},"page_meta_button_type_font_colors":{"default":{"color":"CT_CSS_SKIP_RULEDEFAULT"},"hover":{"color":"CT_CSS_SKIP_RULEDEFAULT"}},"page_meta_button_type_background_colors":{"default":{"color":"CT_CSS_SKIP_RULEDEFAULT"},"hover":{"color":"CT_CSS_SKIP_RULEDEFAULT"}},"pageExcerptFont":{"family":"Default","variation":"Default","size":"CT_CSS_SKIP_RULE","line-height":"CT_CSS_SKIP_RULE","letter-spacing":"CT_CSS_SKIP_RULE","text-transform":"CT_CSS_SKIP_RULE","text-decoration":"CT_CSS_SKIP_RULE"},"pageExcerptColor":{"default":{"color":"CT_CSS_SKIP_RULEDEFAULT"}},"breadcrumbsFont":{"family":"Default","variation":"Default","size":"CT_CSS_SKIP_RULE","line-height":"CT_CSS_SKIP_RULE","letter-spacing":"CT_CSS_SKIP_RULE","text-transform":"CT_CSS_SKIP_RULE","text-decoration":"CT_CSS_SKIP_RULE"},"breadcrumbsFontColor":{"default":{"color":"CT_CSS_SKIP_RULEDEFAULT"},"initial":{"color":"CT_CSS_SKIP_RULEDEFAULT"},"hover":{"color":"CT_CSS_SKIP_RULEDEFAULT"}},"pageTitleOverlay":{"background_type":"color","background_pattern":"type-1","background_image":{"attachment_id":null,"x":0,"y":0},"gradient":"linear-gradient(135deg,rgba(6,147,227,1) 0%,rgb(155,81,224) 100%)","background_repeat":"repeat","background_size":"auto","background_attachment":"scroll","patternColor":{"default":{"color":"#e5e7ea"}},"overlayColor":{"default":{"color":"CT_CSS_SKIP_RULE"}},"backgroundColor":{"default":{"color":"CT_CSS_SKIP_RULE"}}},"pageTitleBackground":{"background_type":"color","background_pattern":"type-1","background_image":{"attachment_id":null,"x":0,"y":0},"gradient":"linear-gradient(135deg,rgba(6,147,227,1) 0%,rgb(155,81,224) 100%)","background_repeat":"repeat","background_size":"auto","background_attachment":"scroll","patternColor":{"default":{"color":"#e5e7ea"}},"overlayColor":{"default":{"color":"CT_CSS_SKIP_RULE"}},"backgroundColor":{"default":{"color":"var(--paletteColor6)"}}},"pageTitlePadding":{"top":"50px","bottom":"50px","left":"auto","right":"auto","linked":true},"244d50d42b6b827ce6111de86427ffb1":"","page_structure_type":"default","7ab7e90c5eb4116554ad1c102b78e42f":"","content_style_source":"inherit","content_style":"wide","vertical_spacing_source":"inherit","content_area_spacing":"both","background":{"desktop":{"background_type":"color","background_pattern":"type-1","background_image":{"attachment_id":null,"x":0,"y":0},"gradient":"linear-gradient(135deg,rgba(6,147,227,1) 0%,rgb(155,81,224) 100%)","background_repeat":"repeat","background_size":"auto","background_attachment":"scroll","patternColor":{"default":{"color":"#e5e7ea"}},"overlayColor":{"default":{"color":"CT_CSS_SKIP_RULE"}},"backgroundColor":{"default":{"color":"var(--paletteColor6)"}}},"tablet":{"background_type":"color","background_pattern":"type-1","background_image":{"attachment_id":null,"x":0,"y":0},"gradient":"linear-gradient(135deg,rgba(6,147,227,1) 0%,rgb(155,81,224) 100%)","background_repeat":"repeat","background_size":"auto","background_attachment":"scroll","patternColor":{"default":{"color":"#e5e7ea"}},"overlayColor":{"default":{"color":"CT_CSS_SKIP_RULE"}},"backgroundColor":{"default":{"color":"var(--paletteColor6)"}}},"mobile":{"background_type":"color","background_pattern":"type-1","background_image":{"attachment_id":null,"x":0,"y":0},"gradient":"linear-gradient(135deg,rgba(6,147,227,1) 0%,rgb(155,81,224) 100%)","background_repeat":"repeat","background_size":"auto","background_attachment":"scroll","patternColor":{"default":{"color":"#e5e7ea"}},"overlayColor":{"default":{"color":"CT_CSS_SKIP_RULE"}},"backgroundColor":{"default":{"color":"var(--paletteColor6)"}}},"__changed":[]},"content_background":{"background_type":"color","background_pattern":"type-1","background_image":{"attachment_id":null,"x":0,"y":0},"gradient":"linear-gradient(135deg,rgba(6,147,227,1) 0%,rgb(155,81,224) 100%)","background_repeat":"repeat","background_size":"auto","background_attachment":"scroll","patternColor":{"default":{"color":"#e5e7ea"}},"overlayColor":{"default":{"color":"CT_CSS_SKIP_RULE"}},"backgroundColor":{"default":{"color":"var(--paletteColor8)"}}},"content_boxed_shadow":{"inherit":false,"blur":18,"spread":-6,"v_offset":12,"h_offset":0,"inset":false,"enable":true,"color":{"color":"rgba(34, 56, 101, 0.04)"}},"boxed_content_spacing":{"desktop":{"top":"40px","bottom":"40px","left":"40px","right":"40px","linked":true},"tablet":{"top":"35px","bottom":"35px","left":"35px","right":"35px","linked":true},"mobile":{"top":"20px","bottom":"20px","left":"20px","right":"20px","linked":true}},"content_boxed_radius":{"top":"3px","bottom":"3px","left":"3px","right":"3px","linked":true},"5b7152eea130a00e8e4e73e38fbb2766":"","disable_featured_image":"no","disable_share_box":"no","disable_header":"no","disable_footer":"no","styles_descriptor":{"styles":{"desktop":"[data-prefix=\"single_page\"] {background-color:var(--paletteColor6);background-image:none;}","tablet":"","mobile":""},"google_fonts":[],"version":5},"3493c6e8f43b3826c576209e7b29572b":"","b9f35166a2e593aabef07672c7ea38e4":"","a4815d1decdf2cd37f3e858de2d6d46b":"","f08a5bb7127ead7cf3707848ebe8e3c0":"","739b8336b8d02c36f6ce52eba3dabb12":"","3442654a2c6d8d7ada3fcd4d502fb084":"","5b96c7422307733ffc0fec5578293e93":"","ad0fba2124c45c3fdbf9ccc25da4635f":""},"_links":{"self":[{"href":"https:\/\/www.wolfgangbretl.com\/en\/wp-json\/wp\/v2\/pages\/27","targetHints":{"allow":["GET"]}}],"collection":[{"href":"https:\/\/www.wolfgangbretl.com\/en\/wp-json\/wp\/v2\/pages"}],"about":[{"href":"https:\/\/www.wolfgangbretl.com\/en\/wp-json\/wp\/v2\/types\/page"}],"author":[{"embeddable":true,"href":"https:\/\/www.wolfgangbretl.com\/en\/wp-json\/wp\/v2\/users\/1"}],"replies":[{"embeddable":true,"href":"https:\/\/www.wolfgangbretl.com\/en\/wp-json\/wp\/v2\/comments?post=27"}],"version-history":[{"count":82,"href":"https:\/\/www.wolfgangbretl.com\/en\/wp-json\/wp\/v2\/pages\/27\/revisions"}],"predecessor-version":[{"id":871,"href":"https:\/\/www.wolfgangbretl.com\/en\/wp-json\/wp\/v2\/pages\/27\/revisions\/871"}],"wp:attachment":[{"href":"https:\/\/www.wolfgangbretl.com\/en\/wp-json\/wp\/v2\/media?parent=27"}],"curies":[{"name":"wp","href":"https:\/\/api.w.org\/{rel}","templated":true}]}}