{"id":39,"date":"2022-02-09T09:57:48","date_gmt":"2022-02-09T09:57:48","guid":{"rendered":"https:\/\/www.wolfgangbretl.com\/?page_id=39"},"modified":"2023-11-11T13:44:42","modified_gmt":"2023-11-11T13:44:42","slug":"kompositionen","status":"publish","type":"page","link":"https:\/\/www.wolfgangbretl.com\/en\/kompositionen\/","title":{"rendered":"Compositions"},"content":{"rendered":"<p class=\"has-text-align-center has-medium-font-size\">D \u00e9 j \u00e0 &#8211; V u<\/p>\n\n\n\n<p><\/p>\n\n\n\n<p class=\"has-text-align-center\"> Im Rahmen des <a href=\"https:\/\/musikforum.at\/gustav-mahler-preis\/preistraegerinnen-2015-1995\/\" target=\"_blank\" rel=\"noreferrer noopener\">Gustav Mahler Kompositions Preises<\/a> habe ich f\u00fcr das Max Brand Ensemble ein St\u00fcck geschrieben. <br>Ausgeschrieben  war die Vertonung eines Gedichtes der chilenischen Dichterin und <br>Widerstandsk\u00e4mpferin Rayen Kvyeh. Deja-Vu, so hei\u00dft diese <br>Komposition, wurde im Musikforum Viktring<\/p>\n\n\n\n<p class=\"has-text-align-center\">in Klagenfurt uraufgef\u00fchrt.<\/p>\n\n\n\n<p class=\"has-text-align-center\"><a href=\"https:\/\/oe1.orf.at\/programm\/20150811\/399897\/Zeit-Ton\" target=\"_blank\" rel=\"noreferrer noopener\">oe1<\/a><\/p>\n\n\n<figure class=\"wp-block-embed-youtube wp-block-embed is-type-video is-provider-youtube wp-embed-aspect-16-9 wp-has-aspect-ratio lyte-align aligncenter\"><div class=\"lyte-wrapper\" style=\"width:420px;max-width:100%;margin:5px auto;\"><div class=\"lyMe\" id=\"WYL_OdkQ5v3nZUY\"><div id=\"lyte_OdkQ5v3nZUY\" data-src=\"https:\/\/www.wolfgangbretl.com\/wp-content\/plugins\/wp-youtube-lyte\/lyteCache.php?origThumbUrl=%2F%2Fi.ytimg.com%2Fvi%2FOdkQ5v3nZUY%2Fhqdefault.jpg\" class=\"pL\"><div class=\"tC\"><div class=\"tT\"><\/div><\/div><div class=\"play\"><\/div><div class=\"ctrl\"><div class=\"Lctrl\"><\/div><div class=\"Rctrl\"><\/div><\/div><\/div><noscript><a href=\"https:\/\/youtu.be\/OdkQ5v3nZUY\" rel=\"nofollow\"><img loading=\"lazy\" decoding=\"async\" src=\"https:\/\/www.wolfgangbretl.com\/wp-content\/plugins\/wp-youtube-lyte\/lyteCache.php?origThumbUrl=https%3A%2F%2Fi.ytimg.com%2Fvi%2FOdkQ5v3nZUY%2F0.jpg\" alt=\"YouTube video thumbnail\" width=\"420\" height=\"216\" \/><br \/>Watch this video on YouTube<\/a><\/noscript><\/div><\/div><div class=\"lL\" style=\"max-width:100%;width:420px;margin:5px auto;\"><\/div><figcaption><\/figcaption><\/figure>\n\n\n<p class=\"has-x-large-font-size\"><\/p>\n\n\n\n<p class=\"has-text-align-center has-medium-font-size\">___________________________________________________________________________________________________________________________________________<\/p>\n\n\n\n<p style=\"font-size:45px\">    <\/p>\n\n\n\n<p class=\"has-text-align-center has-medium-font-size\">P e r i o d i s c h<\/p>\n\n\n\n<p class=\"has-text-align-center\">Ein Auftragswerk f\u00fcr das JANUS-Ensemble. Die Urauff\u00fchrung fand in der <br>Sargfabrik in Wien im Rahmen der Konzertreihe<br><a href=\"https:\/\/sargfabrik.at\/veranstaltungen\/janus-ensemble-2\" data-type=\"link\" data-id=\"https:\/\/sargfabrik.at\/veranstaltungen\/janus-ensemble-2\" target=\"_blank\" rel=\"noreferrer noopener\">Neue Musik im XIV.<\/a><br>statt.<\/p>\n\n\n<div class=\"wp-block-image\">\n<figure class=\"aligncenter size-large is-resized\"><img loading=\"lazy\" decoding=\"async\" width=\"768\" height=\"1024\" src=\"https:\/\/www.wolfgangbretl.com\/wp-content\/uploads\/2023\/10\/Janus-Ensemble-von-Nina-5-768x1024.jpg\" alt=\"Janus Ensemble Von Nina 5\" class=\"wp-image-908\" style=\"aspect-ratio:0.75;width:337px;height:auto\" srcset=\"https:\/\/www.wolfgangbretl.com\/wp-content\/uploads\/2023\/10\/Janus-Ensemble-von-Nina-5-768x1024.jpg 768w, https:\/\/www.wolfgangbretl.com\/wp-content\/uploads\/2023\/10\/Janus-Ensemble-von-Nina-5-225x300.jpg 225w, https:\/\/www.wolfgangbretl.com\/wp-content\/uploads\/2023\/10\/Janus-Ensemble-von-Nina-5-1152x1536.jpg 1152w, https:\/\/www.wolfgangbretl.com\/wp-content\/uploads\/2023\/10\/Janus-Ensemble-von-Nina-5-9x12.jpg 9w, https:\/\/www.wolfgangbretl.com\/wp-content\/uploads\/2023\/10\/Janus-Ensemble-von-Nina-5.jpg 1200w\" sizes=\"auto, (max-width: 768px) 100vw, 768px\" \/><\/figure>\n<\/div>\n\n\n<p class=\"has-text-align-center\">\u00a9 Nina Eckstein<\/p>\n\n\n\n<div class=\"wp-block-columns is-layout-flex wp-container-core-columns-is-layout-9d6595d7 wp-block-columns-is-layout-flex\">\n<div class=\"wp-block-column is-layout-flow wp-block-column-is-layout-flow\" style=\"flex-basis:25%\"><\/div>\n\n\n\n<div class=\"wp-block-column is-layout-flow wp-block-column-is-layout-flow\" style=\"flex-basis:50%\">\n<figure class=\"wp-block-audio aligncenter\"><audio controls src=\"https:\/\/www.wolfgangbretl.com\/wp-content\/uploads\/2023\/10\/Periodisch-1.mp3\"><\/audio><\/figure>\n<\/div>\n\n\n\n<div class=\"wp-block-column is-layout-flow wp-block-column-is-layout-flow\" style=\"flex-basis:25%\"><\/div>\n<\/div>","protected":false},"excerpt":{"rendered":"<p>D \u00e9 j \u00e0 &#8211; V u Im Rahmen des Gustav Mahler Kompositions Preises habe ich f\u00fcr das Max Brand Ensemble ein St\u00fcck geschrieben. Ausgeschrieben war die Vertonung eines Gedichtes der chilenischen Dichterin und Widerstandsk\u00e4mpferin Rayen Kvyeh. Deja-Vu, so hei\u00dft diese Komposition, wurde im Musikforum Viktring in Klagenfurt uraufgef\u00fchrt. oe1 ___________________________________________________________________________________________________________________________________________ P e r i o d i s c h Ein Auftragswerk f\u00fcr das JANUS-Ensemble. Die Urauff\u00fchrung fand in der Sargfabrik in Wien im Rahmen der KonzertreiheNeue Musik im XIV.statt. \u00a9 Nina Eckstein<\/p>","protected":false},"author":1,"featured_media":0,"parent":0,"menu_order":0,"comment_status":"closed","ping_status":"closed","template":"","meta":{"slim_seo":{"title":"Deja-Vu","description":"Max Brand Ensemble - Musikforum Viktring - Gustav Mahler Kompositionspreis"},"footnotes":""},"class_list":["post-39","page","type-page","status-publish","hentry"],"blocksy_meta":{"styles_descriptor":{"styles":{"desktop":"[data-prefix=\"single_page\"] {background-color:var(--paletteColor6);background-image:none;}","tablet":"","mobile":""},"google_fonts":[],"version":5},"page_title_panel":"","has_hero_section":"disabled","b90d81bcc24cd768ea13c13feb5a93d7":"","hero_section":"type-1","hero_elements":[{"id":"custom_title","enabled":true,"heading_tag":"h1","title":"Startseite"},{"id":"custom_description","enabled":true,"description_visibility":{"desktop":true,"tablet":true,"mobile":false}},{"id":"custom_meta","enabled":false,"meta_elements":[{"id":"author","enabled":true,"label":"Von","has_author_avatar":"yes","avatar_size":25},{"id":"post_date","enabled":true,"label":"Am","date_format_source":"default","date_format":"M j, Y"},{"id":"updated_date","enabled":false,"label":"Am","date_format_source":"default","date_format":"M j, Y"},{"id":"categories","enabled":false,"label":"In","style":"simple"},{"id":"comments","enabled":true}],"page_meta_elements":{"joined":true,"articles_count":true,"comments":true}},{"id":"breadcrumbs","enabled":false}],"f87a2a0d9ef3d652736e4f0a48efd63d":"","hero_alignment1":"CT_CSS_SKIP_RULE","hero_margin":40,"hero_alignment2":"center","hero_vertical_alignment":"center","4eb2286e91c6ba6c40d86c0472e82a8e":"","hero_structure":"narrow","0b6050dde03b0cbe857a68aba9f58df1":"","page_title_bg_type":"featured_image","custom_hero_background":{"attachment_id":null},"parallax":{"desktop":false,"tablet":false,"mobile":false},"298f850872de0c78614b41c683f3188c":"","hero_height":"250px","pageTitleFont":{"family":"Default","variation":"Default","size":"30px","line-height":"CT_CSS_SKIP_RULE","letter-spacing":"CT_CSS_SKIP_RULE","text-transform":"CT_CSS_SKIP_RULE","text-decoration":"CT_CSS_SKIP_RULE"},"pageTitleFontColor":{"default":{"color":"CT_CSS_SKIP_RULEDEFAULT"}},"pageMetaFont":{"family":"Default","variation":"n6","size":"12px","line-height":"1.3","letter-spacing":"CT_CSS_SKIP_RULE","text-transform":"uppercase","text-decoration":"CT_CSS_SKIP_RULE"},"pageMetaFontColor":{"default":{"color":"CT_CSS_SKIP_RULEDEFAULT"},"hover":{"color":"CT_CSS_SKIP_RULEDEFAULT"}},"page_meta_button_type_font_colors":{"default":{"color":"CT_CSS_SKIP_RULEDEFAULT"},"hover":{"color":"CT_CSS_SKIP_RULEDEFAULT"}},"page_meta_button_type_background_colors":{"default":{"color":"CT_CSS_SKIP_RULEDEFAULT"},"hover":{"color":"CT_CSS_SKIP_RULEDEFAULT"}},"pageExcerptFont":{"family":"Default","variation":"Default","size":"CT_CSS_SKIP_RULE","line-height":"CT_CSS_SKIP_RULE","letter-spacing":"CT_CSS_SKIP_RULE","text-transform":"CT_CSS_SKIP_RULE","text-decoration":"CT_CSS_SKIP_RULE"},"pageExcerptColor":{"default":{"color":"CT_CSS_SKIP_RULEDEFAULT"}},"breadcrumbsFont":{"family":"Default","variation":"Default","size":"CT_CSS_SKIP_RULE","line-height":"CT_CSS_SKIP_RULE","letter-spacing":"CT_CSS_SKIP_RULE","text-transform":"CT_CSS_SKIP_RULE","text-decoration":"CT_CSS_SKIP_RULE"},"breadcrumbsFontColor":{"default":{"color":"CT_CSS_SKIP_RULEDEFAULT"},"initial":{"color":"CT_CSS_SKIP_RULEDEFAULT"},"hover":{"color":"CT_CSS_SKIP_RULEDEFAULT"}},"pageTitleOverlay":{"background_type":"color","background_pattern":"type-1","background_image":{"attachment_id":null,"x":0,"y":0},"gradient":"linear-gradient(135deg,rgba(6,147,227,1) 0%,rgb(155,81,224) 100%)","background_repeat":"repeat","background_size":"auto","background_attachment":"scroll","patternColor":{"default":{"color":"#e5e7ea"}},"overlayColor":{"default":{"color":"CT_CSS_SKIP_RULE"}},"backgroundColor":{"default":{"color":"CT_CSS_SKIP_RULE"}}},"pageTitleBackground":{"background_type":"color","background_pattern":"type-1","background_image":{"attachment_id":null,"x":0,"y":0},"gradient":"linear-gradient(135deg,rgba(6,147,227,1) 0%,rgb(155,81,224) 100%)","background_repeat":"repeat","background_size":"auto","background_attachment":"scroll","patternColor":{"default":{"color":"#e5e7ea"}},"overlayColor":{"default":{"color":"CT_CSS_SKIP_RULE"}},"backgroundColor":{"default":{"color":"var(--paletteColor6)"}}},"pageTitlePadding":{"top":"50px","bottom":"50px","left":"auto","right":"auto","linked":true},"7d13588b196bfc4181b92649cae2b896":"","page_structure_type":"default","3a3c2c0617954c0063bcdc25df087fa8":"","content_style_source":"inherit","content_style":"wide","vertical_spacing_source":"inherit","content_area_spacing":"both","background":{"desktop":{"background_type":"color","background_pattern":"type-1","background_image":{"attachment_id":null,"x":0,"y":0},"gradient":"linear-gradient(135deg,rgba(6,147,227,1) 0%,rgb(155,81,224) 100%)","background_repeat":"repeat","background_size":"auto","background_attachment":"scroll","patternColor":{"default":{"color":"#e5e7ea"}},"overlayColor":{"default":{"color":"CT_CSS_SKIP_RULE"}},"backgroundColor":{"default":{"color":"var(--paletteColor6)"}}},"tablet":{"background_type":"color","background_pattern":"type-1","background_image":{"attachment_id":null,"x":0,"y":0},"gradient":"linear-gradient(135deg,rgba(6,147,227,1) 0%,rgb(155,81,224) 100%)","background_repeat":"repeat","background_size":"auto","background_attachment":"scroll","patternColor":{"default":{"color":"#e5e7ea"}},"overlayColor":{"default":{"color":"CT_CSS_SKIP_RULE"}},"backgroundColor":{"default":{"color":"var(--paletteColor6)"}}},"mobile":{"background_type":"color","background_pattern":"type-1","background_image":{"attachment_id":null,"x":0,"y":0},"gradient":"linear-gradient(135deg,rgba(6,147,227,1) 0%,rgb(155,81,224) 100%)","background_repeat":"repeat","background_size":"auto","background_attachment":"scroll","patternColor":{"default":{"color":"#e5e7ea"}},"overlayColor":{"default":{"color":"CT_CSS_SKIP_RULE"}},"backgroundColor":{"default":{"color":"var(--paletteColor6)"}}},"__changed":[]},"content_background":{"background_type":"color","background_pattern":"type-1","background_image":{"attachment_id":null,"x":0,"y":0},"gradient":"linear-gradient(135deg,rgba(6,147,227,1) 0%,rgb(155,81,224) 100%)","background_repeat":"repeat","background_size":"auto","background_attachment":"scroll","patternColor":{"default":{"color":"#e5e7ea"}},"overlayColor":{"default":{"color":"CT_CSS_SKIP_RULE"}},"backgroundColor":{"default":{"color":"var(--paletteColor8)"}}},"content_boxed_shadow":{"inherit":false,"blur":18,"spread":-6,"v_offset":12,"h_offset":0,"inset":false,"enable":true,"color":{"color":"rgba(34, 56, 101, 0.04)"}},"boxed_content_spacing":{"desktop":{"top":"40px","bottom":"40px","left":"40px","right":"40px","linked":true},"tablet":{"top":"35px","bottom":"35px","left":"35px","right":"35px","linked":true},"mobile":{"top":"20px","bottom":"20px","left":"20px","right":"20px","linked":true}},"content_boxed_radius":{"top":"3px","bottom":"3px","left":"3px","right":"3px","linked":true},"fdc5cd1ad4177ca295eb2bfd6d77b7c4":"","disable_featured_image":"no","disable_share_box":"no","disable_header":"no","disable_footer":"no","6ade08825f558162a2928b969ee2ef51":"","fef83e31a848449404c6ab634714a05e":"","383617586f5adb4d0ab6beb77bea24f0":"","7553e99f56d0af9974858c2e33aeccac":"","2e1e22704be97c55b33afcdcbddbeb7d":"","1889beecba2a874bab2a9dff51e75b1b":"","0f55ed3ec23ea6bd6c85206ab92b2f0b":"","04e5778cb5b20f4c76d8bdc5ec64cfa8":""},"_links":{"self":[{"href":"https:\/\/www.wolfgangbretl.com\/en\/wp-json\/wp\/v2\/pages\/39","targetHints":{"allow":["GET"]}}],"collection":[{"href":"https:\/\/www.wolfgangbretl.com\/en\/wp-json\/wp\/v2\/pages"}],"about":[{"href":"https:\/\/www.wolfgangbretl.com\/en\/wp-json\/wp\/v2\/types\/page"}],"author":[{"embeddable":true,"href":"https:\/\/www.wolfgangbretl.com\/en\/wp-json\/wp\/v2\/users\/1"}],"replies":[{"embeddable":true,"href":"https:\/\/www.wolfgangbretl.com\/en\/wp-json\/wp\/v2\/comments?post=39"}],"version-history":[{"count":38,"href":"https:\/\/www.wolfgangbretl.com\/en\/wp-json\/wp\/v2\/pages\/39\/revisions"}],"predecessor-version":[{"id":939,"href":"https:\/\/www.wolfgangbretl.com\/en\/wp-json\/wp\/v2\/pages\/39\/revisions\/939"}],"wp:attachment":[{"href":"https:\/\/www.wolfgangbretl.com\/en\/wp-json\/wp\/v2\/media?parent=39"}],"curies":[{"name":"wp","href":"https:\/\/api.w.org\/{rel}","templated":true}]}}